{"id":256,"date":"2018-08-20T06:32:17","date_gmt":"2018-08-20T06:32:17","guid":{"rendered":"https:\/\/victorthemes.com\/themes\/mastery\/?page_id=256"},"modified":"2022-09-27T19:51:39","modified_gmt":"2022-09-27T19:51:39","slug":"home-version-two","status":"publish","type":"page","link":"https:\/\/tamaulipasmiregion.com\/","title":{"rendered":"Inicio"},"content":{"rendered":"<p>[vc_row][vc_column]\r\n    <!-- Blog Start -->\r\n    <div class=\"cscra-primary-posts  primary-posts-style-two cscra-blog-one cscra-blog-list cscra-blog-col-1  cscra-post-69ef52115f0cc \">\r\n          <div class=\"row\">\r\n                <div class=\"post-item post-spacer-one\">\r\n            <div class=\"cscra-image\">\r\n              <img decoding=\"async\" class=\"lazyload\" data-src=\"https:\/\/tamaulipasmiregion.com\/wp-content\/uploads\/2026\/04\/00a63f7a-ddec-4166-80f8-23b988026cdc-1170x590.jpeg\" src=\"https:\/\/tamaulipasmiregion.com\/wp-content\/themes\/cascara\/assets\/images\/1170x590.jpg\" alt=\"\">    <div class=\"post-category\" >\n            <a href=\"https:\/\/tamaulipasmiregion.com\/?cat=3\" >Noticias<\/a> \n          <\/div>\n                  <div class=\"post-info\">\r\n                                  <div class=\"post-meta\">\r\n                    <ul>\r\n                          <li class=\"post-views-item-two\"><span class=\"fa fa-eye icons\"><\/span>47 Views<\/li>                        <li><i class=\"fa fa-clock-o\" aria-hidden=\"true\"><\/i> abril 11, 2026<\/li>\r\n                                          <\/ul>\r\n                  <\/div>\r\n                                <h3 class=\"post-title\"><a href=\"https:\/\/tamaulipasmiregion.com\/?p=4929\">Impulsa la UAT carrera de ingenier\u00eda en Ciencia de Datos e Inteligencia Artificial<\/a><\/h3>\r\n              <\/div>\r\n            <\/div>\r\n          <\/div>\r\n                  <div class=\"col-md-4 col-sm-6\">\r\n            <div class=\"post-item post-spacer-two\">\r\n              <div class=\"cscra-image\">\r\n              <img decoding=\"async\" class=\"lazyload\"  data-src=\"https:\/\/tamaulipasmiregion.com\/wp-content\/uploads\/2026\/04\/550afcb7-dc1b-4c7d-b80b-6320c15ad0ff-640x590.jpeg\" src=\"https:\/\/tamaulipasmiregion.com\/wp-content\/themes\/cascara\/assets\/images\/640x590.jpg\" alt=\"\">    <div class=\"post-category\" >\n            <a href=\"https:\/\/tamaulipasmiregion.com\/?cat=3\" >Noticias<\/a> \n          <\/div>\n                  <div class=\"post-info\">\r\n                                  <div class=\"post-meta\">\r\n                    <ul>\r\n                          <li class=\"post-views-item-two\"><span class=\"fa fa-eye icons\"><\/span>45 Views<\/li>                        <li><i class=\"fa fa-clock-o\" aria-hidden=\"true\"><\/i> abril 10, 2026<\/li>\r\n                                          <\/ul>\r\n                  <\/div>\r\n                                <h4 class=\"post-title\"><a href=\"https:\/\/tamaulipasmiregion.com\/?p=4926\">\u201cREALMENTE ES MUY BUENO EL TRABAJO QUE SE HA ESTADO HACIENDO EN TAMAULIPAS\u201d: AFIRMA LA PRESIDENTA CLAUDIA SHEINBAUM<\/a><\/h4>\r\n              <\/div>\r\n            <\/div>\r\n            <\/div>\r\n          <\/div>\r\n\r\n                  <div class=\"col-md-4 col-sm-6\">\r\n            <div class=\"post-item post-spacer-two\">\r\n              <div class=\"cscra-image\">\r\n              <img decoding=\"async\" class=\"lazyload\"  data-src=\"https:\/\/tamaulipasmiregion.com\/wp-content\/uploads\/2026\/04\/2b47617a-3658-42b8-9835-b1c107211bf5-640x590.jpeg\" src=\"https:\/\/tamaulipasmiregion.com\/wp-content\/themes\/cascara\/assets\/images\/640x590.jpg\" alt=\"\">    <div class=\"post-category\" >\n            <a href=\"https:\/\/tamaulipasmiregion.com\/?cat=3\" >Noticias<\/a> \n          <\/div>\n                  <div class=\"post-info\">\r\n                                  <div class=\"post-meta\">\r\n                    <ul>\r\n                          <li class=\"post-views-item-two\"><span class=\"fa fa-eye icons\"><\/span>48 Views<\/li>                        <li><i class=\"fa fa-clock-o\" aria-hidden=\"true\"><\/i> abril 9, 2026<\/li>\r\n                                          <\/ul>\r\n                  <\/div>\r\n                                <h4 class=\"post-title\"><a href=\"https:\/\/tamaulipasmiregion.com\/?p=4923\">Invita la UAT a cursar programas de posgrado en Reynosa<\/a><\/h4>\r\n              <\/div>\r\n            <\/div>\r\n            <\/div>\r\n          <\/div>\r\n\r\n                  <div class=\"col-md-4 col-sm-6\">\r\n            <div class=\"post-item post-spacer-two\">\r\n              <div class=\"cscra-image\">\r\n              <img decoding=\"async\" class=\"lazyload\"  data-src=\"https:\/\/tamaulipasmiregion.com\/wp-content\/uploads\/2026\/04\/a37fc6d0-aaa9-4b32-8d51-a9c4375e6d2f-640x590.jpeg\" src=\"https:\/\/tamaulipasmiregion.com\/wp-content\/themes\/cascara\/assets\/images\/640x590.jpg\" alt=\"\">    <div class=\"post-category\" >\n            <a href=\"https:\/\/tamaulipasmiregion.com\/?cat=3\" >Noticias<\/a> \n          <\/div>\n                  <div class=\"post-info\">\r\n                                  <div class=\"post-meta\">\r\n                    <ul>\r\n                          <li class=\"post-views-item-two\"><span class=\"fa fa-eye icons\"><\/span>49 Views<\/li>                        <li><i class=\"fa fa-clock-o\" aria-hidden=\"true\"><\/i> abril 8, 2026<\/li>\r\n                                          <\/ul>\r\n                  <\/div>\r\n                                <h4 class=\"post-title\"><a href=\"https:\/\/tamaulipasmiregion.com\/?p=4915\">Impulsan la creaci\u00f3n del Centro Integral de Producci\u00f3n de Carne de Calidad en Tamaulipas<\/a><\/h4>\r\n              <\/div>\r\n            <\/div>\r\n            <\/div>\r\n          <\/div>\r\n\r\n        \r\n    <\/div>\r\n    <\/div>\r\n    <!-- Blog End -->\r\n\r\n    [\/vc_column][\/vc_row][vc_row overlay_dotted=\u00bb\u00bb][vc_column width=\u00bb2\/3&#8243; css=\u00bb.vc_custom_1536065775133{padding-right: 0px !important;padding-left: 0px !important;}\u00bb]\n  <div class=\"nwshb-item-block \">\n    <div class=\"nwshb-title nwshb-tab-title posts-title-wrap  nwshb-title-69ef521161b7c\">\n                <div class=\"posts-title\">\n          <span class=\"nwshb-title-text\">Categories<\/span>\n                <div class=\"masonry-filters\">\n          <ul class=\"nav navbar-nav filter-buttons\">\n            <li><a href=\"javascript:void(0);\" data-filter=\"*\" class=\"active\">All<\/a><\/li>\n                          <li><a href=\"javascript:void(0);\" data-loader=\"ball-pulse\" data-key=\"1\" data-order=\"\" data-orderby=\"title\" data-filter=\".noticias\" data-cat=\"noticias\" data-ids=\"\" >Noticias<\/a><\/li>\n                      <\/ul>\n       <\/div>\n      <\/div>\n    <\/div>\n    <div class=\"nwshb-masonry nwshb-cat-tabdata\">\n            <div class=\"post-items-wrap items-spacer-four\">\n        <div class=\"cscra-masonry\">\n                      <div class=\"masonry-item full-width  noticias-item\" data-category=\" noticias-item\">\n              <div class=\"post-item\">\n                                  <!-- Standard -->\n                  <div class=\"cscra-image\">\n                                      <img decoding=\"async\" data-src=\"https:\/\/tamaulipasmiregion.com\/wp-content\/uploads\/2024\/05\/f8ead2b8-b73f-4447-a0c6-f273b9f0d0b9-815x415.jpeg\" src=\"https:\/\/tamaulipasmiregion.com\/wp-content\/themes\/cascara\/assets\/images\/815x415.jpg\" alt=\"Vive la UAT una fiesta para recibir a estudiantes de bachillerato\">\n                      <div class=\"post-category\" >\n            <a href=\"https:\/\/tamaulipasmiregion.com\/?cat=3\" >Noticias<\/a> \n          <\/div>\n                      <\/div>\n                                <div class=\"post-info\">\n                  <div class=\"post-meta\">\n                    <ul>\n                          <li class=\"post-views-item-two\"><span class=\"fa fa-eye icons\"><\/span>1055 Views<\/li>                        <li><i class=\"fa fa-user-o\" aria-hidden=\"true\"><\/i><a href=\"https:\/\/tamaulipasmiregion.com\/?author=1\"> admin<\/a><\/li>\n                      <li><i class=\"fa fa-clock-o\" aria-hidden=\"true\"><\/i> mayo 21, 2024<\/li>\n                                          <\/ul>\n                  <\/div>\n                  <h4 class=\"post-title\"><a href=\"https:\/\/tamaulipasmiregion.com\/?p=2177\">Vive la UAT una fiesta para recibir a estudiantes de bachillerato<\/a><\/h4>\n                  <p>El rector Damaso Leonardo Anaya Alvarado puso en marcha el magno evento \u201cSe UAT\u201d,organizado por la Universidad Auto noma de Tamaulipas para mostrarle a la juventudsu amplia oferta educativa y la diversidad de programas y<\/p>\n                <\/div>\n              <\/div>\n            <\/div>\n\n                  <\/div>\n      <\/div>\n\n      <div class=\"post-items-wrap items-spacer-five items-style-four\">\n        <div class=\"cscra-masonry\">\n                      <div class=\"masonry-item one-half  noticias-item\" data-category=\" noticias-item\">\n              <div class=\"post-item\">\n                <div class=\"cscra-image\">\n                  <img decoding=\"async\" data-src=\"https:\/\/tamaulipasmiregion.com\/wp-content\/uploads\/2023\/09\/1-3-130x120.jpg\" src=\"https:\/\/tamaulipasmiregion.com\/wp-content\/themes\/cascara\/assets\/images\/130x120.jpg\" alt=\"\"><span class=\"post-views-item\"><span class=\"fa fa-eye icons\"><\/span> 1355<\/span>                <\/div>\n                <div class=\"post-info cscra-item\">\n                  <div class=\"cscra-table-wrap\">\n                    <div class=\"cscra-align-wrap\">\n                      <div class=\"post-meta\">\n                        <ul>\n                        <li><i class=\"fa fa-clock-o\" aria-hidden=\"true\"><\/i> septiembre 2, 2023<\/li>\n                                              <\/ul>\n                      <\/div>\n                      <h4 class=\"post-title\"><a href=\"https:\/\/tamaulipasmiregion.com\/?p=1737\">Vida UAT ofrece a estudiantes pl\u00e1ticas que refuerzan su formaci\u00f3n integral<\/a><\/h4>\n                    <\/div>\n                  <\/div>\n                <\/div>\n              <\/div>\n            <\/div>\n                      <div class=\"masonry-item one-half  noticias-item\" data-category=\" noticias-item\">\n              <div class=\"post-item\">\n                <div class=\"cscra-image\">\n                  <img decoding=\"async\" data-src=\"https:\/\/tamaulipasmiregion.com\/wp-content\/uploads\/2024\/11\/2ca17e25-5f1e-49ee-8201-a888e75c7a60-130x120.jpeg\" src=\"https:\/\/tamaulipasmiregion.com\/wp-content\/themes\/cascara\/assets\/images\/130x120.jpg\" alt=\"\"><span class=\"post-views-item\"><span class=\"fa fa-eye icons\"><\/span> 907<\/span>                <\/div>\n                <div class=\"post-info cscra-item\">\n                  <div class=\"cscra-table-wrap\">\n                    <div class=\"cscra-align-wrap\">\n                      <div class=\"post-meta\">\n                        <ul>\n                        <li><i class=\"fa fa-clock-o\" aria-hidden=\"true\"><\/i> noviembre 8, 2024<\/li>\n                                              <\/ul>\n                      <\/div>\n                      <h4 class=\"post-title\"><a href=\"https:\/\/tamaulipasmiregion.com\/?p=2830\">vanza la UAT en el proyecto de acreditar todos sus programas educativos<\/a><\/h4>\n                    <\/div>\n                  <\/div>\n                <\/div>\n              <\/div>\n            <\/div>\n                      <div class=\"masonry-item one-half  noticias-item\" data-category=\" noticias-item\">\n              <div class=\"post-item\">\n                <div class=\"cscra-image\">\n                  <img decoding=\"async\" data-src=\"https:\/\/tamaulipasmiregion.com\/wp-content\/uploads\/2026\/02\/WhatsApp-Image-2025-12-15-at-5.11.45-PM-130x120.jpeg\" src=\"https:\/\/tamaulipasmiregion.com\/wp-content\/themes\/cascara\/assets\/images\/130x120.jpg\" alt=\"\"><span class=\"post-views-item\"><span class=\"fa fa-eye icons\"><\/span> 153<\/span>                <\/div>\n                <div class=\"post-info cscra-item\">\n                  <div class=\"cscra-table-wrap\">\n                    <div class=\"cscra-align-wrap\">\n                      <div class=\"post-meta\">\n                        <ul>\n                        <li><i class=\"fa fa-clock-o\" aria-hidden=\"true\"><\/i> diciembre 15, 2025<\/li>\n                                              <\/ul>\n                      <\/div>\n                      <h4 class=\"post-title\"><a href=\"https:\/\/tamaulipasmiregion.com\/?p=4503\">Utiliza la UAT tecnolog\u00eda a\u00e9rea geoespacial de vanguardia para estudios territoriales<\/a><\/h4>\n                    <\/div>\n                  <\/div>\n                <\/div>\n              <\/div>\n            <\/div>\n                      <div class=\"masonry-item one-half  noticias-item\" data-category=\" noticias-item\">\n              <div class=\"post-item\">\n                <div class=\"cscra-image\">\n                  <img decoding=\"async\" data-src=\"https:\/\/tamaulipasmiregion.com\/wp-content\/uploads\/2023\/06\/345656585_3579530735666468_2803781551733244860_n-130x120.jpg\" src=\"https:\/\/tamaulipasmiregion.com\/wp-content\/themes\/cascara\/assets\/images\/130x120.jpg\" alt=\"\"><span class=\"post-views-item\"><span class=\"fa fa-eye icons\"><\/span> 1420<\/span>                <\/div>\n                <div class=\"post-info cscra-item\">\n                  <div class=\"cscra-table-wrap\">\n                    <div class=\"cscra-align-wrap\">\n                      <div class=\"post-meta\">\n                        <ul>\n                        <li><i class=\"fa fa-clock-o\" aria-hidden=\"true\"><\/i> mayo 10, 2023<\/li>\n                                              <\/ul>\n                      <\/div>\n                      <h4 class=\"post-title\"><a href=\"https:\/\/tamaulipasmiregion.com\/?p=1631\">Universidad Aut\u00f3noma de Tamaulipas (UAT) implementa para crear conciencia sobre el adecuado manejo de residuos y su aprovechamiento en apoyo a personas que m\u00e1s lo necesiten, invita a la comunidad universitaria y sociedad en general a participar en el Tapat\u00f3n 2023, que organiza la Asociaci\u00f3n \u201cUn cachito de Luz\u201d.<\/a><\/h4>\n                    <\/div>\n                  <\/div>\n                <\/div>\n              <\/div>\n            <\/div>\n                      <div class=\"masonry-item one-half  noticias-item\" data-category=\" noticias-item\">\n              <div class=\"post-item\">\n                <div class=\"cscra-image\">\n                  <img decoding=\"async\" data-src=\"https:\/\/tamaulipasmiregion.com\/wp-content\/uploads\/2026\/03\/30197b04-eb7c-44c5-9a44-387b19822b20-130x120.jpeg\" src=\"https:\/\/tamaulipasmiregion.com\/wp-content\/themes\/cascara\/assets\/images\/130x120.jpg\" alt=\"\"><span class=\"post-views-item\"><span class=\"fa fa-eye icons\"><\/span> 136<\/span>                <\/div>\n                <div class=\"post-info cscra-item\">\n                  <div class=\"cscra-table-wrap\">\n                    <div class=\"cscra-align-wrap\">\n                      <div class=\"post-meta\">\n                        <ul>\n                        <li><i class=\"fa fa-clock-o\" aria-hidden=\"true\"><\/i> marzo 5, 2026<\/li>\n                                              <\/ul>\n                      <\/div>\n                      <h4 class=\"post-title\"><a href=\"https:\/\/tamaulipasmiregion.com\/?p=4766\">UAT y South Texas College impulsan encuentro binacional de educaci\u00f3n<\/a><\/h4>\n                    <\/div>\n                  <\/div>\n                <\/div>\n              <\/div>\n            <\/div>\n                      <div class=\"masonry-item one-half  noticias-item\" data-category=\" noticias-item\">\n              <div class=\"post-item\">\n                <div class=\"cscra-image\">\n                  <img decoding=\"async\" data-src=\"https:\/\/tamaulipasmiregion.com\/wp-content\/uploads\/2026\/02\/1-12-2-130x120.jpeg\" src=\"https:\/\/tamaulipasmiregion.com\/wp-content\/themes\/cascara\/assets\/images\/130x120.jpg\" alt=\"\"><span class=\"post-views-item\"><span class=\"fa fa-eye icons\"><\/span> 150<\/span>                <\/div>\n                <div class=\"post-info cscra-item\">\n                  <div class=\"cscra-table-wrap\">\n                    <div class=\"cscra-align-wrap\">\n                      <div class=\"post-meta\">\n                        <ul>\n                        <li><i class=\"fa fa-clock-o\" aria-hidden=\"true\"><\/i> noviembre 24, 2025<\/li>\n                                              <\/ul>\n                      <\/div>\n                      <h4 class=\"post-title\"><a href=\"https:\/\/tamaulipasmiregion.com\/?p=4419\">UAT y Secretar\u00eda de Educaci\u00f3n entregan m\u00e1s de 8 000 becas a universitarios\u00a0<\/a><\/h4>\n                    <\/div>\n                  <\/div>\n                <\/div>\n              <\/div>\n            <\/div>\n                  <\/div>\n      <\/div>\n          <\/div>\n  <\/div>\n    [\/vc_column][vc_column width=\u00bb1\/3&#8243; css=\u00bb.vc_custom_1536065787439{padding-right: 0px !important;padding-left: 0px !important;}\u00bb][vc_widget_sidebar sidebar_id=\u00bbsidebar-2&#8243;][\/vc_column][\/vc_row][vc_row][vc_column][\/vc_column][\/vc_row][vc_row overlay_dotted=\u00bb\u00bb css=\u00bb.vc_custom_1534749406032{padding-bottom: 2% !important;}\u00bb][vc_column][\/vc_column][\/vc_row][vc_row][vc_column][\/vc_column][\/vc_row]<\/p>\n","protected":false},"excerpt":{"rendered":"[vc_row][vc_column][\/vc_column][\/vc_row][vc_row overlay_dotted=\u00bb\u00bb][vc_column width=\u00bb2\/3&#8243; css=\u00bb.vc_custom_1536065775133{padding-right: 0px !important;padding-left: 0px !important;}\u00bb][\/vc_column][vc_column width=\u00bb1\/3&#8243; css=\u00bb.vc_custom_1536065787439{padding-right: 0px !important;padding-left: 0px !important;}\u00bb][vc_widget_sidebar sidebar_id=\u00bbsidebar-2&#8243;][\/vc_column][\/vc_row][vc_row][vc_column][\/vc_column][\/vc_row][vc_row overlay_dotted=\u00bb\u00bb css=\u00bb.vc_custom_1534749406032{padding-bottom: 2% !important;}\u00bb][vc_column][\/vc_column][\/vc_row][vc_row][vc_column][\/vc_column][\/vc_row]","protected":false},"author":1,"featured_media":0,"parent":0,"menu_order":0,"comment_status":"closed","ping_status":"closed","template":"","meta":{"_monsterinsights_skip_tracking":false,"_monsterinsights_sitenote_active":false,"_monsterinsights_sitenote_note":"","_monsterinsights_sitenote_category":0,"footnotes":""},"class_list":["post-256","page","type-page","status-publish","hentry"],"aioseo_notices":[],"_links":{"self":[{"href":"https:\/\/tamaulipasmiregion.com\/index.php?rest_route=\/wp\/v2\/pages\/256","targetHints":{"allow":["GET"]}}],"collection":[{"href":"https:\/\/tamaulipasmiregion.com\/index.php?rest_route=\/wp\/v2\/pages"}],"about":[{"href":"https:\/\/tamaulipasmiregion.com\/index.php?rest_route=\/wp\/v2\/types\/page"}],"author":[{"embeddable":true,"href":"https:\/\/tamaulipasmiregion.com\/index.php?rest_route=\/wp\/v2\/users\/1"}],"replies":[{"embeddable":true,"href":"https:\/\/tamaulipasmiregion.com\/index.php?rest_route=%2Fwp%2Fv2%2Fcomments&post=256"}],"version-history":[{"count":8,"href":"https:\/\/tamaulipasmiregion.com\/index.php?rest_route=\/wp\/v2\/pages\/256\/revisions"}],"predecessor-version":[{"id":1426,"href":"https:\/\/tamaulipasmiregion.com\/index.php?rest_route=\/wp\/v2\/pages\/256\/revisions\/1426"}],"wp:attachment":[{"href":"https:\/\/tamaulipasmiregion.com\/index.php?rest_route=%2Fwp%2Fv2%2Fmedia&parent=256"}],"curies":[{"name":"wp","href":"https:\/\/api.w.org\/{rel}","templated":true}]}}